{"id":1567,"date":"2021-01-06T17:20:09","date_gmt":"2021-01-06T16:20:09","guid":{"rendered":"https:\/\/maisonsarda.com\/maison-sarda\/?page_id=1567"},"modified":"2024-11-15T12:36:19","modified_gmt":"2024-11-15T11:36:19","slug":"hebergements-catalan","status":"publish","type":"page","link":"https:\/\/maisonsarda.com\/maison-sarda\/hebergements-catalan\/","title":{"rendered":"H\u00e9bergements catalan"},"content":{"rendered":"\n<style type=\"text\/css\" data-created_by=\"avia_inline_auto\" id=\"style-css-av-kiopvn34-7d3d4428943b9093cadad1db8e150eec\">\n.avia-section.av-kiopvn34-7d3d4428943b9093cadad1db8e150eec{\nbackground-repeat:no-repeat;\nbackground-image:url(https:\/\/maisonsarda.com\/maison-sarda\/wp-content\/uploads\/2020\/12\/heberg.jpg);\nbackground-position:0% 0%;\nbackground-attachment:scroll;\n}\n<\/style>\n<div id='av_section_1'  class='avia-section av-kiopvn34-7d3d4428943b9093cadad1db8e150eec main_color avia-section-default avia-no-border-styling  avia-builder-el-0  el_before_av_section  avia-builder-el-first  avia-bg-style-scroll av-minimum-height av-minimum-height-custom av-height-custom  container_wrap sidebar_right'  data-section-bg-repeat='no-repeat' data-av_minimum_height_px='300'><div class='container av-section-cont-open' style='height:300px'><main  role=\"main\" itemprop=\"mainContentOfPage\"  class='template-page content  av-content-small alpha units'><div class='post-entry post-entry-type-page post-entry-1567'><div class='entry-content-wrapper clearfix'>\n<\/div><\/div><\/main><!-- close content main element --><\/div><\/div><div id='av_section_2'  class='avia-section av-htn3dx-2c0b15c42962ded12ae9242438102c31 main_color avia-section-default avia-no-border-styling  avia-builder-el-1  el_after_av_section  avia-builder-el-last  avia-bg-style-scroll container_wrap sidebar_right'  ><div class='container av-section-cont-open' ><div class='template-page content  av-content-small alpha units'><div class='post-entry post-entry-type-page post-entry-1567'><div class='entry-content-wrapper clearfix'>\n\n<style type=\"text\/css\" data-created_by=\"avia_inline_auto\" id=\"style-css-av-g09wvp-0d38d5b99570487ef98cde18f97d2af7\">\n.flex_column.av-g09wvp-0d38d5b99570487ef98cde18f97d2af7{\nborder-radius:0px 0px 0px 0px;\npadding:0px 0px 0px 0px;\n}\n<\/style>\n<div  class='flex_column av-g09wvp-0d38d5b99570487ef98cde18f97d2af7 av_one_half  avia-builder-el-2  el_before_av_one_half  avia-builder-el-first  first flex_column_div av-zero-column-padding  '     ><section  class='av_textblock_section av-kiop4uaw-5581664b5b4ab27926ebbe49be11ad81 '   itemscope=\"itemscope\" itemtype=\"https:\/\/schema.org\/CreativeWork\" ><div class='avia_textblock'  itemprop=\"text\" ><p>Ubicat en una natura exuberant, per\u00f2 a menys de tres estacions d\u2019esqu\u00ed, inclosa la d\u2019Angles, la Maison Sarda est\u00e0 oberta tot l\u2019any a Espousouille, al cor del Parc Regional del Pirineu catal\u00e0.<\/p>\n<\/div><\/section><\/div>\n<style type=\"text\/css\" data-created_by=\"avia_inline_auto\" id=\"style-css-av-g09wvp-19-7af933bd2a7a226979563a78600c950d\">\n.flex_column.av-g09wvp-19-7af933bd2a7a226979563a78600c950d{\nborder-radius:0px 0px 0px 0px;\npadding:0px 0px 0px 0px;\n}\n<\/style>\n<div  class='flex_column av-g09wvp-19-7af933bd2a7a226979563a78600c950d av_one_half  avia-builder-el-4  el_after_av_one_half  el_before_av_hr  flex_column_div av-zero-column-padding  '     ><div  class='avia-slideshow av-kiq68sdv-2145fbfa9a8a47317571d40adc4e0f75 avia-slideshow-featured av_slideshow avia-slide-slider  avia-builder-el-5  avia-builder-el-no-sibling  av-slideshow-ui av-control-default av-slideshow-manual av-loop-once av-loop-manual-endless av-default-height-applied avia-slideshow-1' data-slideshow-options=\"{&quot;animation&quot;:&quot;slide&quot;,&quot;autoplay&quot;:false,&quot;loop_autoplay&quot;:&quot;once&quot;,&quot;interval&quot;:5,&quot;loop_manual&quot;:&quot;manual-endless&quot;,&quot;autoplay_stopper&quot;:false,&quot;noNavigation&quot;:false,&quot;bg_slider&quot;:false,&quot;keep_padding&quot;:false,&quot;hoverpause&quot;:false,&quot;show_slide_delay&quot;:0}\"  itemprop=\"image\" itemscope=\"itemscope\" itemtype=\"https:\/\/schema.org\/ImageObject\" ><ul class='avia-slideshow-inner ' style='padding-bottom: 66.71875%;'><li  class='avia-slideshow-slide av-kiq68sdv-2145fbfa9a8a47317571d40adc4e0f75__0  slide-1 slide-odd'><div data-rel='slideshow-1' class='avia-slide-wrap '   ><img decoding=\"async\" fetchpriority=\"high\" class=\"wp-image-1422 avia-img-lazy-loading-not-1422\"  src=\"https:\/\/maisonsarda.com\/maison-sarda\/wp-content\/uploads\/2020\/12\/HL_JCMILHET_MSARDA_022.jpg\" width=\"640\" height=\"427\" title='HL_JCMILHET_MSARDA_022' alt=''  itemprop=\"thumbnailUrl\" srcset=\"https:\/\/maisonsarda.com\/maison-sarda\/wp-content\/uploads\/2020\/12\/HL_JCMILHET_MSARDA_022.jpg 640w, https:\/\/maisonsarda.com\/maison-sarda\/wp-content\/uploads\/2020\/12\/HL_JCMILHET_MSARDA_022-300x200.jpg 300w\" sizes=\"(max-width: 640px) 100vw, 640px\" \/><\/div><\/li><li  class='avia-slideshow-slide av-kiq68sdv-2145fbfa9a8a47317571d40adc4e0f75__1  slide-2 slide-even'><div data-rel='slideshow-1' class='avia-slide-wrap '   ><img decoding=\"async\" fetchpriority=\"high\" class=\"wp-image-1421 avia-img-lazy-loading-not-1421\"  src=\"https:\/\/maisonsarda.com\/maison-sarda\/wp-content\/uploads\/2020\/12\/HL_JCMILHET_MSARDA_019.jpg\" width=\"640\" height=\"427\" title='HL_JCMILHET_MSARDA_019' alt=''  itemprop=\"thumbnailUrl\" srcset=\"https:\/\/maisonsarda.com\/maison-sarda\/wp-content\/uploads\/2020\/12\/HL_JCMILHET_MSARDA_019.jpg 640w, https:\/\/maisonsarda.com\/maison-sarda\/wp-content\/uploads\/2020\/12\/HL_JCMILHET_MSARDA_019-300x200.jpg 300w\" sizes=\"(max-width: 640px) 100vw, 640px\" \/><\/div><\/li><li  class='avia-slideshow-slide av-kiq68sdv-2145fbfa9a8a47317571d40adc4e0f75__2  slide-3 slide-odd'><div data-rel='slideshow-1' class='avia-slide-wrap '   ><img decoding=\"async\" fetchpriority=\"high\" class=\"wp-image-1536 avia-img-lazy-loading-not-1536\"  src=\"https:\/\/maisonsarda.com\/maison-sarda\/wp-content\/uploads\/2020\/12\/salon-800x430.jpg\" width=\"800\" height=\"430\" title='salon' alt=''  itemprop=\"thumbnailUrl\"   \/><\/div><\/li><li  class='avia-slideshow-slide av-kiq68sdv-2145fbfa9a8a47317571d40adc4e0f75__3  slide-4 slide-even'><div data-rel='slideshow-1' class='avia-slide-wrap '   ><img decoding=\"async\" fetchpriority=\"high\" class=\"wp-image-1420 avia-img-lazy-loading-not-1420\"  src=\"https:\/\/maisonsarda.com\/maison-sarda\/wp-content\/uploads\/2020\/12\/HL_JCMILHET_MSARDA_024.jpg\" width=\"640\" height=\"427\" title='HL_JCMILHET_MSARDA_024' alt=''  itemprop=\"thumbnailUrl\" srcset=\"https:\/\/maisonsarda.com\/maison-sarda\/wp-content\/uploads\/2020\/12\/HL_JCMILHET_MSARDA_024.jpg 640w, https:\/\/maisonsarda.com\/maison-sarda\/wp-content\/uploads\/2020\/12\/HL_JCMILHET_MSARDA_024-300x200.jpg 300w\" sizes=\"(max-width: 640px) 100vw, 640px\" \/><\/div><\/li><li  class='avia-slideshow-slide av-kiq68sdv-2145fbfa9a8a47317571d40adc4e0f75__4  slide-5 slide-odd'><div data-rel='slideshow-1' class='avia-slide-wrap '   ><img decoding=\"async\" fetchpriority=\"high\" class=\"wp-image-1418 avia-img-lazy-loading-not-1418\"  src=\"https:\/\/maisonsarda.com\/maison-sarda\/wp-content\/uploads\/2020\/12\/HL_JCMILHET_MSARDA_025.jpg\" width=\"640\" height=\"427\" title='HL_JCMILHET_MSARDA_025' alt=''  itemprop=\"thumbnailUrl\" srcset=\"https:\/\/maisonsarda.com\/maison-sarda\/wp-content\/uploads\/2020\/12\/HL_JCMILHET_MSARDA_025.jpg 640w, https:\/\/maisonsarda.com\/maison-sarda\/wp-content\/uploads\/2020\/12\/HL_JCMILHET_MSARDA_025-300x200.jpg 300w\" sizes=\"(max-width: 640px) 100vw, 640px\" \/><\/div><\/li><li  class='avia-slideshow-slide av-kiq68sdv-2145fbfa9a8a47317571d40adc4e0f75__5  slide-6 slide-even'><div data-rel='slideshow-1' class='avia-slide-wrap '   ><img decoding=\"async\" fetchpriority=\"high\" class=\"wp-image-1303 avia-img-lazy-loading-not-1303\"  src=\"https:\/\/maisonsarda.com\/maison-sarda\/wp-content\/uploads\/2013\/11\/HL_JCMILHET_MSARDA_008-1.jpg\" width=\"640\" height=\"427\" title='HL_JCMILHET_MSARDA_008-1' alt=''  itemprop=\"thumbnailUrl\" srcset=\"https:\/\/maisonsarda.com\/maison-sarda\/wp-content\/uploads\/2013\/11\/HL_JCMILHET_MSARDA_008-1.jpg 640w, https:\/\/maisonsarda.com\/maison-sarda\/wp-content\/uploads\/2013\/11\/HL_JCMILHET_MSARDA_008-1-300x200.jpg 300w\" sizes=\"(max-width: 640px) 100vw, 640px\" \/><\/div><\/li><li  class='avia-slideshow-slide av-kiq68sdv-2145fbfa9a8a47317571d40adc4e0f75__6  slide-7 slide-odd'><div data-rel='slideshow-1' class='avia-slide-wrap '   ><img decoding=\"async\" fetchpriority=\"high\" class=\"wp-image-1300 avia-img-lazy-loading-not-1300\"  src=\"https:\/\/maisonsarda.com\/maison-sarda\/wp-content\/uploads\/2013\/11\/HL_JCMILHET_MSARDA_004-1.jpg\" width=\"640\" height=\"427\" title='HL_JCMILHET_MSARDA_004-1' alt=''  itemprop=\"thumbnailUrl\" srcset=\"https:\/\/maisonsarda.com\/maison-sarda\/wp-content\/uploads\/2013\/11\/HL_JCMILHET_MSARDA_004-1.jpg 640w, https:\/\/maisonsarda.com\/maison-sarda\/wp-content\/uploads\/2013\/11\/HL_JCMILHET_MSARDA_004-1-300x200.jpg 300w\" sizes=\"(max-width: 640px) 100vw, 640px\" \/><\/div><\/li><\/ul><div class='avia-slideshow-arrows avia-slideshow-controls' ><a href='#prev' class='prev-slide  avia-svg-icon avia-font-svg_entypo-fontello' data-av_svg_icon='left-open-big' data-av_iconset='svg_entypo-fontello' tabindex='-1' title=\"Pr\u00e9c\u00e9dent\"><svg version=\"1.1\" xmlns=\"http:\/\/www.w3.org\/2000\/svg\" width=\"15\" height=\"32\" viewBox=\"0 0 15 32\" preserveAspectRatio=\"xMidYMid meet\" aria-labelledby='av-svg-title-1' aria-describedby='av-svg-desc-1' role=\"graphics-symbol\" aria-hidden=\"true\">\n<title id='av-svg-title-1'>Pr\u00e9c\u00e9dent<\/title>\n<desc id='av-svg-desc-1'>Pr\u00e9c\u00e9dent<\/desc>\n<path d=\"M14.464 27.84q0.832 0.832 0 1.536-0.832 0.832-1.536 0l-12.544-12.608q-0.768-0.768 0-1.6l12.544-12.608q0.704-0.832 1.536 0 0.832 0.704 0 1.536l-11.456 11.904z\"><\/path>\n<\/svg><span class='avia_hidden_link_text'>Pr\u00e9c\u00e9dent<\/span><\/a><a href='#next' class='next-slide  avia-svg-icon avia-font-svg_entypo-fontello' data-av_svg_icon='right-open-big' data-av_iconset='svg_entypo-fontello' tabindex='-1' title=\"Suivant\"><svg version=\"1.1\" xmlns=\"http:\/\/www.w3.org\/2000\/svg\" width=\"15\" height=\"32\" viewBox=\"0 0 15 32\" preserveAspectRatio=\"xMidYMid meet\" aria-labelledby='av-svg-title-2' aria-describedby='av-svg-desc-2' role=\"graphics-symbol\" aria-hidden=\"true\">\n<title id='av-svg-title-2'>Suivant<\/title>\n<desc id='av-svg-desc-2'>Suivant<\/desc>\n<path d=\"M0.416 27.84l11.456-11.84-11.456-11.904q-0.832-0.832 0-1.536 0.832-0.832 1.536 0l12.544 12.608q0.768 0.832 0 1.6l-12.544 12.608q-0.704 0.832-1.536 0-0.832-0.704 0-1.536z\"><\/path>\n<\/svg><span class='avia_hidden_link_text'>Suivant<\/span><\/a><\/div><div class='avia-slideshow-dots avia-slideshow-controls'><a href='#1' class='goto-slide active' >1<\/a><a href='#2' class='goto-slide ' >2<\/a><a href='#3' class='goto-slide ' >3<\/a><a href='#4' class='goto-slide ' >4<\/a><a href='#5' class='goto-slide ' >5<\/a><a href='#6' class='goto-slide ' >6<\/a><a href='#7' class='goto-slide ' >7<\/a><\/div><\/div><\/div>\n<style type=\"text\/css\" data-created_by=\"avia_inline_auto\" id=\"style-css-av-kipto339-8543376cb7435de674d04e4f97dd4e56\">\n#top .hr.hr-invisible.av-kipto339-8543376cb7435de674d04e4f97dd4e56{\nheight:50px;\n}\n<\/style>\n<div  class='hr av-kipto339-8543376cb7435de674d04e4f97dd4e56 hr-invisible  avia-builder-el-6  el_after_av_one_half  el_before_av_heading '><span class='hr-inner '><span class=\"hr-inner-style\"><\/span><\/span><\/div>\n\n<style type=\"text\/css\" data-created_by=\"avia_inline_auto\" id=\"style-css-av-ms0zu7-bcfe4e70ab1b83927d272828b438eaed\">\n#top .av-special-heading.av-ms0zu7-bcfe4e70ab1b83927d272828b438eaed{\npadding-bottom:10px;\n}\nbody .av-special-heading.av-ms0zu7-bcfe4e70ab1b83927d272828b438eaed .av-special-heading-tag .heading-char{\nfont-size:25px;\n}\n.av-special-heading.av-ms0zu7-bcfe4e70ab1b83927d272828b438eaed .av-subheading{\nfont-size:15px;\n}\n<\/style>\n<div  class='av-special-heading av-ms0zu7-bcfe4e70ab1b83927d272828b438eaed av-special-heading-h2  avia-builder-el-7  el_after_av_hr  el_before_av_hr '><h2 class='av-special-heading-tag '  itemprop=\"headline\"  >Oferim dos tipus d\u2019allotjament:<\/h2><div class=\"special-heading-border\"><div class=\"special-heading-inner-border\"><\/div><\/div><\/div>\n\n<style type=\"text\/css\" data-created_by=\"avia_inline_auto\" id=\"style-css-av-kipto339-17-412ea12a25ba1f4d88b927abc14f82ff\">\n#top .hr.hr-invisible.av-kipto339-17-412ea12a25ba1f4d88b927abc14f82ff{\nheight:20px;\n}\n<\/style>\n<div  class='hr av-kipto339-17-412ea12a25ba1f4d88b927abc14f82ff hr-invisible  avia-builder-el-8  el_after_av_heading  el_before_av_one_half '><span class='hr-inner '><span class=\"hr-inner-style\"><\/span><\/span><\/div>\n\n<style type=\"text\/css\" data-created_by=\"avia_inline_auto\" id=\"style-css-av-ec67d1-92614532377aa8de9bc33a8249eafe47\">\n.flex_column.av-ec67d1-92614532377aa8de9bc33a8249eafe47{\nborder-radius:0px 0px 0px 0px;\npadding:0px 0px 0px 0px;\n}\n<\/style>\n<div  class='flex_column av-ec67d1-92614532377aa8de9bc33a8249eafe47 av_one_half  avia-builder-el-9  el_after_av_hr  el_before_av_one_half  first flex_column_div av-zero-column-padding  '     ><section  class='av_textblock_section av-kiop4uaw-18-b083aca9aa6c0f5a0026b3a2dab69033 '   itemscope=\"itemscope\" itemtype=\"https:\/\/schema.org\/CreativeWork\" ><div class='avia_textblock'  itemprop=\"text\" ><h3>Habitacions individuals<\/h3>\n<p>Cal portar les tovalloles i els llen\u00e7ols<\/p>\n<p>TARIFES PER PERSONA, MITJA PENSI\u00d3 INCLOSA<\/p>\n<\/div><\/section><br \/>\n<div class='avia-data-table-wrap av-1l7az3h-212355efc32838626e7eecaeb1ed0806 avia_responsive_table avia-table-1'><table  class='avia-table avia-data-table avia_pricing_default  avia-builder-el-11  el_after_av_textblock  avia-builder-el-last '  itemscope=\"itemscope\" itemtype=\"https:\/\/schema.org\/Table\" ><tbody><tr class=''><td class=''>Adult<\/td><td class=''>62\u20ac<\/td><\/tr><tr class=''><td class=''>Nen<\/td><td class=''>34\u20ac<\/td><\/tr><\/tbody><\/table><\/div><\/p><\/div>\n<style type=\"text\/css\" data-created_by=\"avia_inline_auto\" id=\"style-css-av-ec67d1-15-e5262d147ebe2ff6d37f4566ec658a35\">\n.flex_column.av-ec67d1-15-e5262d147ebe2ff6d37f4566ec658a35{\nborder-radius:0px 0px 0px 0px;\npadding:0px 0px 0px 0px;\n}\n<\/style>\n<div  class='flex_column av-ec67d1-15-e5262d147ebe2ff6d37f4566ec658a35 av_one_half  avia-builder-el-12  el_after_av_one_half  el_before_av_hr  flex_column_div av-zero-column-padding  '     ><section  class='av_textblock_section av-kiop4uaw-14-1d842592d61ae8ad2015d8165e7a4859 '   itemscope=\"itemscope\" itemtype=\"https:\/\/schema.org\/CreativeWork\" ><div class='avia_textblock'  itemprop=\"text\" ><h3><strong>Habitacions per a hostes<\/strong><\/h3>\n<p>Tovalloles i\u00a0 llen\u00e7ols inclosos<\/p>\n<p>TARIFES PER PERSONA, MITJA PENSI\u00d3 INCLOSA<\/p>\n<\/div><\/section><br \/>\n<div class='avia-data-table-wrap av-19bxtct-35c7d5e3a8110e9b3a637018440fe2b1 avia_responsive_table avia-table-2'><table  class='avia-table avia-data-table avia_pricing_default  avia-builder-el-14  el_after_av_textblock  avia-builder-el-last '  itemscope=\"itemscope\" itemtype=\"https:\/\/schema.org\/Table\" ><tbody><tr class=''><td class=''>Adult<\/td><td class=''>70\u20ac<\/td><\/tr><tr class=''><td class=''>Nen<\/td><td class=''>44\u20ac <\/td><\/tr><\/tbody><\/table><\/div><\/p><\/div>\n<style type=\"text\/css\" data-created_by=\"avia_inline_auto\" id=\"style-css-av-kipto339-16-68d28a79e3af4692df2b429b716ff80d\">\n#top .hr.hr-invisible.av-kipto339-16-68d28a79e3af4692df2b429b716ff80d{\nheight:20px;\n}\n<\/style>\n<div  class='hr av-kipto339-16-68d28a79e3af4692df2b429b716ff80d hr-invisible  avia-builder-el-15  el_after_av_one_half  el_before_av_textblock '><span class='hr-inner '><span class=\"hr-inner-style\"><\/span><\/span><\/div>\n<section  class='av_textblock_section av-kiop4uaw-13-acbaa2c04fe9a209de75caa2af125761 '   itemscope=\"itemscope\" itemtype=\"https:\/\/schema.org\/CreativeWork\" ><div class='avia_textblock'  itemprop=\"text\" ><div class=\"list-ok\">\n<ul>\n<li>Habitacion per persona sola <strong>suplement 10\u20ac<\/strong><\/li>\n<li><strong>5% de reducci\u00f3<\/strong> per a una estada d\u2019una setmana.<\/li>\n<li><strong>5% de reducci\u00f3<\/strong> per a grups de m\u00e9s de 2 persones per a m\u00e9s de dues nits.<\/li>\n<li>Estada gratu\u00efta per a nens de meny de 2 anys<\/li>\n<li><strong>Dip\u00f2sit: 30% del total<\/strong>, 50% per a grups a partir de 8 persones.<\/li>\n<\/ul>\n<p>A taula trobar\u00e0s una cuina de temporada amb productes frescos, la major part del Pirineu catal\u00e0 i els seus voltants.\u00a0 Cada dia servim\u00a0 un men\u00fa diferent, en cer\u00e0mica elaborada per Anna al mateix lloc.<\/p>\n<p>El men\u00fa inclou: entrant, plat principal, postres, una copa de vi per persona.<\/p>\n<p>Hi ha la possibilitat de llogar tota la instal\u00b7laci\u00f3 amb gesti\u00f3 lliure o mitja pensi\u00f3.<\/p>\n<\/div>\n<\/div><\/section>\n<\/div><\/div><\/div><!-- close content main div --><\/div><\/div><div id='after_section_2'  class='main_color av_default_container_wrap container_wrap sidebar_right'  ><div class='container av-section-cont-open' ><div class='template-page content  av-content-small alpha units'><div class='post-entry post-entry-type-page post-entry-1567'><div class='entry-content-wrapper clearfix'>\n","protected":false},"excerpt":{"rendered":"","protected":false},"author":1,"featured_media":0,"parent":0,"menu_order":0,"comment_status":"closed","ping_status":"closed","template":"","meta":{"footnotes":""},"class_list":["post-1567","page","type-page","status-publish","hentry"],"_links":{"self":[{"href":"https:\/\/maisonsarda.com\/maison-sarda\/wp-json\/wp\/v2\/pages\/1567","targetHints":{"allow":["GET"]}}],"collection":[{"href":"https:\/\/maisonsarda.com\/maison-sarda\/wp-json\/wp\/v2\/pages"}],"about":[{"href":"https:\/\/maisonsarda.com\/maison-sarda\/wp-json\/wp\/v2\/types\/page"}],"author":[{"embeddable":true,"href":"https:\/\/maisonsarda.com\/maison-sarda\/wp-json\/wp\/v2\/users\/1"}],"replies":[{"embeddable":true,"href":"https:\/\/maisonsarda.com\/maison-sarda\/wp-json\/wp\/v2\/comments?post=1567"}],"version-history":[{"count":5,"href":"https:\/\/maisonsarda.com\/maison-sarda\/wp-json\/wp\/v2\/pages\/1567\/revisions"}],"predecessor-version":[{"id":1658,"href":"https:\/\/maisonsarda.com\/maison-sarda\/wp-json\/wp\/v2\/pages\/1567\/revisions\/1658"}],"wp:attachment":[{"href":"https:\/\/maisonsarda.com\/maison-sarda\/wp-json\/wp\/v2\/media?parent=1567"}],"curies":[{"name":"wp","href":"https:\/\/api.w.org\/{rel}","templated":true}]}}