{"id":1438,"date":"2020-12-15T15:10:28","date_gmt":"2020-12-15T14:10:28","guid":{"rendered":"https:\/\/maisonsarda.com\/maison-sarda\/?page_id=1438"},"modified":"2024-04-23T09:10:58","modified_gmt":"2024-04-23T08:10:58","slug":"contact","status":"publish","type":"page","link":"https:\/\/maisonsarda.com\/maison-sarda\/contact\/","title":{"rendered":"Contact"},"content":{"rendered":"\n<style type=\"text\/css\" data-created_by=\"avia_inline_auto\" id=\"style-css-av-kiopvn34-6192b1ec02b907f7ce8ec65ea0b81f33\">\n.avia-section.av-kiopvn34-6192b1ec02b907f7ce8ec65ea0b81f33{\nbackground-repeat:no-repeat;\nbackground-image:url(https:\/\/maisonsarda.com\/maison-sarda\/wp-content\/uploads\/2020\/12\/acti.jpg);\nbackground-position:0% 0%;\nbackground-attachment:scroll;\n}\n<\/style>\n<div id='av_section_1'  class='avia-section av-kiopvn34-6192b1ec02b907f7ce8ec65ea0b81f33 main_color avia-section-default avia-no-border-styling  avia-builder-el-0  el_before_av_two_third  avia-builder-el-first  avia-bg-style-scroll av-minimum-height av-minimum-height-custom av-height-custom  container_wrap sidebar_right'  data-section-bg-repeat='no-repeat' data-av_minimum_height_px='300'><div class='container av-section-cont-open' style='height:300px'><main  role=\"main\" itemprop=\"mainContentOfPage\"  class='template-page content  av-content-small alpha units'><div class='post-entry post-entry-type-page post-entry-1438'><div class='entry-content-wrapper clearfix'><\/div><\/div><\/main><!-- close content main element --><\/div><\/div><div id='after_section_1'  class='main_color av_default_container_wrap container_wrap sidebar_right'  ><div class='container av-section-cont-open' ><div class='template-page content  av-content-small alpha units'><div class='post-entry post-entry-type-page post-entry-1438'><div class='entry-content-wrapper clearfix'>\n\n<style type=\"text\/css\" data-created_by=\"avia_inline_auto\" id=\"style-css-av-g09wvp-0d38d5b99570487ef98cde18f97d2af7\">\n.flex_column.av-g09wvp-0d38d5b99570487ef98cde18f97d2af7{\nborder-radius:0px 0px 0px 0px;\npadding:0px 0px 0px 0px;\n}\n<\/style>\n<div  class='flex_column av-g09wvp-0d38d5b99570487ef98cde18f97d2af7 av_two_third  avia-builder-el-1  el_after_av_section  el_before_av_one_third  avia-builder-el-first  first flex_column_div av-zero-column-padding  '     ><p>\n<style type=\"text\/css\" data-created_by=\"avia_inline_auto\" id=\"style-css-av-bzniem-c60238d78ab8bde45d7f7b6b2897a53a\">\n#top .av-special-heading.av-bzniem-c60238d78ab8bde45d7f7b6b2897a53a{\npadding-bottom:10px;\n}\nbody .av-special-heading.av-bzniem-c60238d78ab8bde45d7f7b6b2897a53a .av-special-heading-tag .heading-char{\nfont-size:25px;\n}\n.av-special-heading.av-bzniem-c60238d78ab8bde45d7f7b6b2897a53a .av-subheading{\nfont-size:15px;\n}\n<\/style>\n<div  class='av-special-heading av-bzniem-c60238d78ab8bde45d7f7b6b2897a53a av-special-heading-h2  avia-builder-el-2  el_before_av_textblock  avia-builder-el-first '><h2 class='av-special-heading-tag '  itemprop=\"headline\"  >Contacter la Maison Sarda<\/h2><div class=\"special-heading-border\"><div class=\"special-heading-inner-border\"><\/div><\/div><\/div><br \/>\n<section  class='av_textblock_section av-kiop4uaw-5581664b5b4ab27926ebbe49be11ad81 '   itemscope=\"itemscope\" itemtype=\"https:\/\/schema.org\/CreativeWork\" ><div class='avia_textblock'  itemprop=\"text\" ><p>N&rsquo;h\u00e9sitez pas \u00e0 remplir le formulaire ci-dessous pour toutes question ou demande de r\u00e9servation<\/p>\n<\/div><\/section><br \/>\n\n<style type=\"text\/css\" data-created_by=\"avia_inline_auto\" id=\"style-css-av-kipxisy1-36c83492d0715fc888f3d2ba830f66bd\">\n#top .hr.hr-invisible.av-kipxisy1-36c83492d0715fc888f3d2ba830f66bd{\nheight:20px;\n}\n<\/style>\n<div  class='hr av-kipxisy1-36c83492d0715fc888f3d2ba830f66bd hr-invisible  avia-builder-el-4  el_after_av_textblock  el_before_av_contact '><span class='hr-inner '><span class=\"hr-inner-style\"><\/span><\/span><\/div><br \/>\n<form action=\"https:\/\/maisonsarda.com\/maison-sarda\/contact\/\" method=\"post\" data-fields-with-error=\"Erreurs trouv\u00e9es dans les champs suivants :\" class=\"avia_ajax_form av-form-labels-visible   avia-builder-el-5  el_after_av_hr  avia-builder-el-last   \" data-avia-form-id=\"1\" data-avia-redirect='' ><fieldset><p class='  first_form  form_element form_fullwidth' id='element_avia_1_1'><label for=\"avia_1_1\">Nom <abbr class=\"required\" title=\"requis(e)\">*<\/abbr><\/label> <input name=\"avia_1_1\" class=\"text_input is_empty\" type=\"text\" id=\"avia_1_1\" value=\"\" \/><\/p><p class='  first_form  form_element form_fullwidth' id='element_avia_2_1'><label for=\"avia_2_1\">Adresse mail <abbr class=\"required\" title=\"requis(e)\">*<\/abbr><\/label> <input name=\"avia_2_1\" class=\"text_input is_email\" type=\"text\" id=\"avia_2_1\" value=\"\" \/><\/p><p class='  first_form  form_element form_fullwidth' id='element_avia_3_1'><label for=\"avia_3_1\">T\u00e9l\u00e9phone<\/label> <input name=\"avia_3_1\" class=\"text_input \" type=\"text\" id=\"avia_3_1\" value=\"\" \/><\/p><p class='  first_form  form_element form_fullwidth' id='element_avia_4_1'><label for=\"avia_4_1\">Pour une demande de r\u00e9servation<\/label><select  name=\"avia_4_1\" class=\"select \" id=\"avia_4_1\"><option   value='Choisissez'>Choisissez<\/option><option   value='Chambre d\u2018h\u00f4te'>Chambre d\u2018h\u00f4te<\/option><option   value='G\u00eete d\u2019\u00e9tape'>G\u00eete d\u2019\u00e9tape<\/option><option   value='Gestion libre'>Gestion libre<\/option><\/select><\/p><p class='  first_form  form_element form_fullwidth' id='element_avia_5_1'><label for=\"avia_5_1\">Date d\u2019arriv\u00e9e<\/label> <input name=\"avia_5_1\" class=\"avia_datepicker text_input \" type=\"text\" id=\"avia_5_1\" value=\"\" placeholder=\"DD \/ MM \/ YY\" inputmode=\"none\" \/><\/p><p class='  first_form  form_element form_fullwidth' id='element_avia_6_1'><label for=\"avia_6_1\">Date de d\u00e9part<\/label> <input name=\"avia_6_1\" class=\"avia_datepicker text_input \" type=\"text\" id=\"avia_6_1\" value=\"\" placeholder=\"DD \/ MM \/ YY\" inputmode=\"none\" \/><\/p><p class='  first_form  form_element form_fullwidth' id='element_avia_7_1'><label for=\"avia_7_1\">Nombre d\u2019adultes<\/label> <input name=\"avia_7_1\" class=\"text_input \" type=\"text\" id=\"avia_7_1\" value=\"\" \/><\/p><p class='  first_form  form_element form_fullwidth' id='element_avia_8_1'><label for=\"avia_8_1\">Nombre d\u2019enfants (-10 ans)<\/label> <input name=\"avia_8_1\" class=\"text_input \" type=\"text\" id=\"avia_8_1\" value=\"\" \/><\/p><p class='  first_form  form_element form_fullwidth av-last-visible-form-element' id='element_avia_9_1'><label for=\"avia_9_1\" class=\"textare_label hidden textare_label_avia_9_1\">Message <abbr class=\"required\" title=\"requis(e)\">*<\/abbr><\/label><textarea  name=\"avia_9_1\" class=\"text_area is_empty\" cols=\"40\" rows=\"7\" id=\"avia_9_1\" ><\/textarea><\/p><p class=\"hidden\"><input type=\"text\" name=\"avia_10_1\" class=\"hidden \" id=\"avia_10_1\" value=\"\" \/><\/p><p class=\"form_element \"><input type=\"hidden\" value=\"1\" name=\"avia_generated_form1\" \/><input type=\"submit\" value=\"Valider\" class=\"button\"  data-sending-label=\"Envoi\"\/><\/p><\/fieldset><\/form><div id=\"ajaxresponse_1\" class=\"ajaxresponse ajaxresponse_1 hidden\"><\/div><\/p><\/div>\n\n<style type=\"text\/css\" data-created_by=\"avia_inline_auto\" id=\"style-css-av-1xt3se-538402592adbf876b866d00ad0c43ce2\">\n.flex_column.av-1xt3se-538402592adbf876b866d00ad0c43ce2{\nborder-radius:0px 0px 0px 0px;\npadding:0px 0px 0px 0px;\n}\n<\/style>\n<div  class='flex_column av-1xt3se-538402592adbf876b866d00ad0c43ce2 av_one_third  avia-builder-el-6  el_after_av_two_third  avia-builder-el-last  flex_column_div av-zero-column-padding  '     ><p>\n<style type=\"text\/css\" data-created_by=\"avia_inline_auto\" id=\"style-css-av-kirkgebq-617564d4c22b7a86599ac8ec26098074\">\n.avia-image-container.av-kirkgebq-617564d4c22b7a86599ac8ec26098074 img.avia_image{\nbox-shadow:none;\n}\n.avia-image-container.av-kirkgebq-617564d4c22b7a86599ac8ec26098074 .av-image-caption-overlay-center{\ncolor:#ffffff;\n}\n<\/style>\n<div  class='avia-image-container av-kirkgebq-617564d4c22b7a86599ac8ec26098074 av-styling- av-img-linked avia_animated_image av-animated-when-visible-95 fade-in avia-align-center  avia-builder-el-7  el_before_av_textblock  avia-builder-el-first '   itemprop=\"image\" itemscope=\"itemscope\" itemtype=\"https:\/\/schema.org\/ImageObject\" ><div class=\"avia-image-container-inner\"><div class=\"avia-image-overlay-wrap\"><a href=\"https:\/\/maisonsarda.com\/maison-sarda\/wp-content\/uploads\/2021\/01\/IMG_0357.jpg\" data-srcset=\"https:\/\/maisonsarda.com\/maison-sarda\/wp-content\/uploads\/2021\/01\/IMG_0357.jpg 800w, https:\/\/maisonsarda.com\/maison-sarda\/wp-content\/uploads\/2021\/01\/IMG_0357-300x225.jpg 300w, https:\/\/maisonsarda.com\/maison-sarda\/wp-content\/uploads\/2021\/01\/IMG_0357-768x576.jpg 768w, https:\/\/maisonsarda.com\/maison-sarda\/wp-content\/uploads\/2021\/01\/IMG_0357-705x529.jpg 705w\" data-sizes=\"(max-width: 800px) 100vw, 800px\" class='avia_image '  aria-label='IMG_0357'><img decoding=\"async\" fetchpriority=\"high\" class='wp-image-1552 avia-img-lazy-loading-not-1552 avia_image ' src=\"https:\/\/maisonsarda.com\/maison-sarda\/wp-content\/uploads\/2021\/01\/IMG_0357.jpg\" alt='' title='IMG_0357'  height=\"600\" width=\"800\"  itemprop=\"thumbnailUrl\" srcset=\"https:\/\/maisonsarda.com\/maison-sarda\/wp-content\/uploads\/2021\/01\/IMG_0357.jpg 800w, https:\/\/maisonsarda.com\/maison-sarda\/wp-content\/uploads\/2021\/01\/IMG_0357-300x225.jpg 300w, https:\/\/maisonsarda.com\/maison-sarda\/wp-content\/uploads\/2021\/01\/IMG_0357-768x576.jpg 768w, https:\/\/maisonsarda.com\/maison-sarda\/wp-content\/uploads\/2021\/01\/IMG_0357-705x529.jpg 705w\" sizes=\"(max-width: 800px) 100vw, 800px\" \/><\/a><\/div><\/div><\/div><br \/>\n<section  class='av_textblock_section av-kiop4uaw-fd87718a3c093bc5c87ee0bd96c40b30 '   itemscope=\"itemscope\" itemtype=\"https:\/\/schema.org\/CreativeWork\" ><div class='avia_textblock'  itemprop=\"text\" ><p><strong>Maison Sarda<\/strong><br \/>\n<span class=\"LrzXr\">Espousouille<\/span><br \/>\n<span class=\"LrzXr\">66210 Fontrabiouse<br \/>\nT\u00e9l. <span role=\"link\" aria-label=\"Appeler le 04 68 04 40 05\">06 16 76 15 06<\/span><\/span><\/p>\n<\/div><\/section><br \/>\n\n<style type=\"text\/css\" data-created_by=\"avia_inline_auto\" id=\"style-css-av-kirkgebq-962a26ebef245f5e10a6bb0868a204d8\">\n.avia-image-container.av-kirkgebq-962a26ebef245f5e10a6bb0868a204d8 img.avia_image{\nbox-shadow:none;\n}\n.avia-image-container.av-kirkgebq-962a26ebef245f5e10a6bb0868a204d8 .av-image-caption-overlay-center{\ncolor:#ffffff;\n}\n<\/style>\n<div  class='avia-image-container av-kirkgebq-962a26ebef245f5e10a6bb0868a204d8 av-styling- av-img-linked avia_animated_image av-animated-when-visible-95 fade-in avia-align-center  avia-builder-el-9  el_after_av_textblock  avia-builder-el-last '   itemprop=\"image\" itemscope=\"itemscope\" itemtype=\"https:\/\/schema.org\/ImageObject\" ><div class=\"avia-image-container-inner\"><div class=\"avia-image-overlay-wrap\"><a href=\"https:\/\/maisonsarda.com\/maison-sarda\/wp-content\/uploads\/2020\/12\/map-sarda.jpg\" data-srcset=\"https:\/\/maisonsarda.com\/maison-sarda\/wp-content\/uploads\/2020\/12\/map-sarda.jpg 620w, https:\/\/maisonsarda.com\/maison-sarda\/wp-content\/uploads\/2020\/12\/map-sarda-281x300.jpg 281w\" data-sizes=\"(max-width: 620px) 100vw, 620px\" class='avia_image '  aria-label='map-sarda'><img decoding=\"async\" fetchpriority=\"high\" class='wp-image-1469 avia-img-lazy-loading-not-1469 avia_image ' src=\"https:\/\/maisonsarda.com\/maison-sarda\/wp-content\/uploads\/2020\/12\/map-sarda.jpg\" alt='' title='map-sarda'  height=\"662\" width=\"620\"  itemprop=\"thumbnailUrl\" srcset=\"https:\/\/maisonsarda.com\/maison-sarda\/wp-content\/uploads\/2020\/12\/map-sarda.jpg 620w, https:\/\/maisonsarda.com\/maison-sarda\/wp-content\/uploads\/2020\/12\/map-sarda-281x300.jpg 281w\" sizes=\"(max-width: 620px) 100vw, 620px\" \/><\/a><\/div><\/div><\/div><\/p><\/div>\n","protected":false},"excerpt":{"rendered":"","protected":false},"author":1,"featured_media":0,"parent":0,"menu_order":0,"comment_status":"closed","ping_status":"closed","template":"","meta":{"footnotes":""},"class_list":["post-1438","page","type-page","status-publish","hentry"],"_links":{"self":[{"href":"https:\/\/maisonsarda.com\/maison-sarda\/wp-json\/wp\/v2\/pages\/1438","targetHints":{"allow":["GET"]}}],"collection":[{"href":"https:\/\/maisonsarda.com\/maison-sarda\/wp-json\/wp\/v2\/pages"}],"about":[{"href":"https:\/\/maisonsarda.com\/maison-sarda\/wp-json\/wp\/v2\/types\/page"}],"author":[{"embeddable":true,"href":"https:\/\/maisonsarda.com\/maison-sarda\/wp-json\/wp\/v2\/users\/1"}],"replies":[{"embeddable":true,"href":"https:\/\/maisonsarda.com\/maison-sarda\/wp-json\/wp\/v2\/comments?post=1438"}],"version-history":[{"count":8,"href":"https:\/\/maisonsarda.com\/maison-sarda\/wp-json\/wp\/v2\/pages\/1438\/revisions"}],"predecessor-version":[{"id":1644,"href":"https:\/\/maisonsarda.com\/maison-sarda\/wp-json\/wp\/v2\/pages\/1438\/revisions\/1644"}],"wp:attachment":[{"href":"https:\/\/maisonsarda.com\/maison-sarda\/wp-json\/wp\/v2\/media?parent=1438"}],"curies":[{"name":"wp","href":"https:\/\/api.w.org\/{rel}","templated":true}]}}